{"id":1209,"date":"2024-02-21T22:05:15","date_gmt":"2024-02-21T22:05:15","guid":{"rendered":"http:\/\/casadonramon.financial-mittum.com\/?page_id=1209"},"modified":"2024-09-02T19:21:06","modified_gmt":"2024-09-02T19:21:06","slug":"salted-cucumber-margarita","status":"publish","type":"page","link":"https:\/\/old.casadonramon.com\/en\/mixology\/salted-cucumber-margarita\/","title":{"rendered":"SALTED CUCUMBER MARGARITA"},"content":{"rendered":"\t\t<div data-elementor-type=\"wp-page\" data-elementor-id=\"1209\" class=\"elementor elementor-1209\">\n\t\t\t\t\t\t<section class=\"elementor-section elementor-top-section elementor-element elementor-element-1f556f67 elementor-section-content-middle elementor-section-boxed elementor-section-height-default elementor-section-height-default\" data-id=\"1f556f67\" data-element_type=\"section\" data-settings=\"{&quot;background_background&quot;:&quot;classic&quot;}\">\n\t\t\t\t\t\t\t<div class=\"elementor-background-overlay\"><\/div>\n\t\t\t\t\t\t\t<div class=\"elementor-container elementor-column-gap-default\">\n\t\t\t\t\t<div class=\"elementor-column elementor-col-16 elementor-top-column elementor-element elementor-element-68bdc9c7\" data-id=\"68bdc9c7\" data-element_type=\"column\">\n\t\t\t<div class=\"elementor-widget-wrap elementor-element-populated\">\n\t\t\t\t\t\t<div class=\"elementor-element elementor-element-16a42606 elementor-widget elementor-widget-image\" data-id=\"16a42606\" data-element_type=\"widget\" data-widget_type=\"image.default\">\n\t\t\t\t<div class=\"elementor-widget-container\">\n\t\t\t\t\t\t\t\t\t\t\t\t\t\t\t\t<a href=\"\/en\/\">\n\t\t\t\t\t\t\t<img fetchpriority=\"high\" decoding=\"async\" width=\"600\" height=\"215\" src=\"https:\/\/old.casadonramon.com\/en\/wp-content\/uploads\/2023\/12\/logo_cdr.png\" class=\"attachment-full size-full wp-image-194\" alt=\"\" srcset=\"https:\/\/old.casadonramon.com\/en\/wp-content\/uploads\/2023\/12\/logo_cdr.png 600w, https:\/\/old.casadonramon.com\/en\/wp-content\/uploads\/2023\/12\/logo_cdr-300x108.png 300w\" sizes=\"(max-width: 600px) 100vw, 600px\" \/>\t\t\t\t\t\t\t\t<\/a>\n\t\t\t\t\t\t\t\t\t\t\t\t\t\t\t<\/div>\n\t\t\t\t<\/div>\n\t\t\t\t\t<\/div>\n\t\t<\/div>\n\t\t\t\t<div class=\"elementor-column elementor-col-66 elementor-top-column elementor-element elementor-element-4b73ef37\" data-id=\"4b73ef37\" data-element_type=\"column\">\n\t\t\t<div class=\"elementor-widget-wrap elementor-element-populated\">\n\t\t\t\t\t\t<div class=\"elementor-element elementor-element-2ff7d0b elementor-widget__width-initial elementor-widget elementor-widget-ekit-nav-menu\" data-id=\"2ff7d0b\" data-element_type=\"widget\" data-widget_type=\"ekit-nav-menu.default\">\n\t\t\t\t<div class=\"elementor-widget-container\">\n\t\t\t\t\t<div class=\"ekit-wid-con ekit_menu_responsive_tablet\" data-hamburger-icon=\"\" data-hamburger-icon-type=\"icon\" data-responsive-breakpoint=\"1024\">            <button class=\"elementskit-menu-hamburger elementskit-menu-toggler\"  type=\"button\" aria-label=\"hamburger-icon\">\n                                    <span class=\"elementskit-menu-hamburger-icon\"><\/span><span class=\"elementskit-menu-hamburger-icon\"><\/span><span class=\"elementskit-menu-hamburger-icon\"><\/span>\n                            <\/button>\n            <div id=\"ekit-megamenu-menu-principal\" class=\"elementskit-menu-container elementskit-menu-offcanvas-elements elementskit-navbar-nav-default ekit-nav-menu-one-page-no ekit-nav-dropdown-hover\"><ul id=\"menu-menu-principal\" class=\"elementskit-navbar-nav elementskit-menu-po-center submenu-click-on-icon\"><li id=\"menu-item-1808\" class=\"menu-item menu-item-type-custom menu-item-object-custom menu-item-1808 nav-item elementskit-mobile-builder-content\" data-vertical-menu=750px><a href=\"\/en\/tequila\" class=\"ekit-menu-nav-link\">TEQUILA<\/a><\/li>\n<li id=\"menu-item-220\" class=\"menu-item menu-item-type-custom menu-item-object-custom menu-item-220 nav-item elementskit-mobile-builder-content\" data-vertical-menu=750px><a href=\"\/en\/mezcal\/\" class=\"ekit-menu-nav-link\">MEZCAL<\/a><\/li>\n<li id=\"menu-item-3868\" class=\"menu-item menu-item-type-custom menu-item-object-custom menu-item-has-children menu-item-3868 nav-item elementskit-dropdown-has relative_position elementskit-dropdown-menu-default_width elementskit-mobile-builder-content\" data-vertical-menu=750px><a href=\"\/en\/luis-miguel-en\/\" class=\"ekit-menu-nav-link ekit-menu-dropdown-toggle\">LUIS MIGUEL<i aria-hidden=\"true\" class=\"icon icon-down-arrow1 elementskit-submenu-indicator\"><\/i><\/a>\n<ul class=\"elementskit-dropdown elementskit-submenu-panel\">\n\t<li id=\"menu-item-4077\" class=\"menu-item menu-item-type-custom menu-item-object-custom menu-item-4077 nav-item elementskit-mobile-builder-content\" data-vertical-menu=750px><a href=\"\/en\/luis-miguel-en\/\" class=\" dropdown-item\">ABOUT LUIS MIGUEL<\/a>\t<li id=\"menu-item-4078\" class=\"menu-item menu-item-type-custom menu-item-object-custom menu-item-4078 nav-item elementskit-mobile-builder-content\" data-vertical-menu=750px><a href=\"\/en\/luis-miguel-ceramica\/\" class=\" dropdown-item\">NEW CERAMIC COLLECTION<\/a><\/ul>\n<\/li>\n<li id=\"menu-item-222\" class=\"menu-item menu-item-type-custom menu-item-object-custom menu-item-222 nav-item elementskit-mobile-builder-content\" data-vertical-menu=750px><a href=\"\/en\/mixology\/\" class=\"ekit-menu-nav-link\">MIXOLOGY<\/a><\/li>\n<li id=\"menu-item-223\" class=\"menu-item menu-item-type-custom menu-item-object-custom menu-item-223 nav-item elementskit-mobile-builder-content\" data-vertical-menu=750px><a href=\"\/en\/about\/\" class=\"ekit-menu-nav-link\">ABOUT<\/a><\/li>\n<li id=\"menu-item-2926\" class=\"menu-item menu-item-type-custom menu-item-object-custom menu-item-2926 nav-item elementskit-mobile-builder-content\" data-vertical-menu=750px><a href=\"\/en\/press\" class=\"ekit-menu-nav-link\">PRESS<\/a><\/li>\n<\/ul><div class=\"elementskit-nav-identity-panel\">\n\t\t\t\t<div class=\"elementskit-site-title\">\n\t\t\t\t\t<a class=\"elementskit-nav-logo\" href=\"\/en\/\" target=\"_self\" rel=\"\">\n\t\t\t\t\t\t<img decoding=\"async\" width=\"600\" height=\"215\" src=\"https:\/\/old.casadonramon.com\/en\/wp-content\/uploads\/2023\/12\/logo_cdr.png\" class=\"attachment-full size-full\" alt=\"\" srcset=\"https:\/\/old.casadonramon.com\/en\/wp-content\/uploads\/2023\/12\/logo_cdr.png 600w, https:\/\/old.casadonramon.com\/en\/wp-content\/uploads\/2023\/12\/logo_cdr-300x108.png 300w\" sizes=\"(max-width: 600px) 100vw, 600px\" \/>\n\t\t\t\t\t<\/a> \n\t\t\t\t<\/div><button class=\"elementskit-menu-close elementskit-menu-toggler\" type=\"button\">X<\/button><\/div><\/div>\t\t\t\n\t\t\t<div class=\"elementskit-menu-overlay elementskit-menu-offcanvas-elements elementskit-menu-toggler ekit-nav-menu--overlay\"><\/div><\/div>\t\t\t\t<\/div>\n\t\t\t\t<\/div>\n\t\t\t\t\t<\/div>\n\t\t<\/div>\n\t\t\t\t<div class=\"elementor-column elementor-col-16 elementor-top-column elementor-element elementor-element-5fb188ac elementor-hidden-phone elementor-hidden-tablet\" data-id=\"5fb188ac\" data-element_type=\"column\">\n\t\t\t<div class=\"elementor-widget-wrap\">\n\t\t\t\t\t\t\t<\/div>\n\t\t<\/div>\n\t\t\t\t\t<\/div>\n\t\t<\/section>\n\t\t\t\t<section class=\"elementor-section elementor-top-section elementor-element elementor-element-211e3b16 elementor-reverse-tablet elementor-reverse-mobile elementor-section-boxed elementor-section-height-default elementor-section-height-default\" data-id=\"211e3b16\" data-element_type=\"section\" data-settings=\"{&quot;background_background&quot;:&quot;classic&quot;}\">\n\t\t\t\t\t\t\t<div class=\"elementor-background-overlay\"><\/div>\n\t\t\t\t\t\t\t<div class=\"elementor-container elementor-column-gap-no\">\n\t\t\t\t\t<div class=\"elementor-column elementor-col-50 elementor-top-column elementor-element elementor-element-29a21caa\" data-id=\"29a21caa\" data-element_type=\"column\">\n\t\t\t<div class=\"elementor-widget-wrap elementor-element-populated\">\n\t\t\t\t\t\t<div class=\"elementor-element elementor-element-66a8703b animated-slow elementor-invisible elementor-widget elementor-widget-image\" data-id=\"66a8703b\" data-element_type=\"widget\" data-settings=\"{&quot;_animation&quot;:&quot;fadeInUp&quot;}\" data-widget_type=\"image.default\">\n\t\t\t\t<div class=\"elementor-widget-container\">\n\t\t\t\t\t\t\t\t\t\t\t\t\t\t\t<img decoding=\"async\" width=\"2560\" height=\"2560\" src=\"https:\/\/old.casadonramon.com\/en\/wp-content\/uploads\/2024\/02\/CasaDonRamon-PuntaDiamonteCollection-SilverCocktail-SALTED-CUCUMBER-MARGARITA-2560x2560-1.jpg\" class=\"attachment-full size-full wp-image-1160\" alt=\"\" srcset=\"https:\/\/old.casadonramon.com\/en\/wp-content\/uploads\/2024\/02\/CasaDonRamon-PuntaDiamonteCollection-SilverCocktail-SALTED-CUCUMBER-MARGARITA-2560x2560-1.jpg 2560w, https:\/\/old.casadonramon.com\/en\/wp-content\/uploads\/2024\/02\/CasaDonRamon-PuntaDiamonteCollection-SilverCocktail-SALTED-CUCUMBER-MARGARITA-2560x2560-1-300x300.jpg 300w, https:\/\/old.casadonramon.com\/en\/wp-content\/uploads\/2024\/02\/CasaDonRamon-PuntaDiamonteCollection-SilverCocktail-SALTED-CUCUMBER-MARGARITA-2560x2560-1-1024x1024.jpg 1024w, https:\/\/old.casadonramon.com\/en\/wp-content\/uploads\/2024\/02\/CasaDonRamon-PuntaDiamonteCollection-SilverCocktail-SALTED-CUCUMBER-MARGARITA-2560x2560-1-150x150.jpg 150w, https:\/\/old.casadonramon.com\/en\/wp-content\/uploads\/2024\/02\/CasaDonRamon-PuntaDiamonteCollection-SilverCocktail-SALTED-CUCUMBER-MARGARITA-2560x2560-1-768x768.jpg 768w, https:\/\/old.casadonramon.com\/en\/wp-content\/uploads\/2024\/02\/CasaDonRamon-PuntaDiamonteCollection-SilverCocktail-SALTED-CUCUMBER-MARGARITA-2560x2560-1-1536x1536.jpg 1536w, https:\/\/old.casadonramon.com\/en\/wp-content\/uploads\/2024\/02\/CasaDonRamon-PuntaDiamonteCollection-SilverCocktail-SALTED-CUCUMBER-MARGARITA-2560x2560-1-2048x2048.jpg 2048w\" sizes=\"(max-width: 2560px) 100vw, 2560px\" \/>\t\t\t\t\t\t\t\t\t\t\t\t\t\t\t<\/div>\n\t\t\t\t<\/div>\n\t\t\t\t\t<\/div>\n\t\t<\/div>\n\t\t\t\t<div class=\"elementor-column elementor-col-50 elementor-top-column elementor-element elementor-element-6eb1c6f0\" data-id=\"6eb1c6f0\" data-element_type=\"column\">\n\t\t\t<div class=\"elementor-widget-wrap elementor-element-populated\">\n\t\t\t\t\t\t<div class=\"elementor-element elementor-element-411d0cee elementor-widget elementor-widget-heading\" data-id=\"411d0cee\" data-element_type=\"widget\" data-widget_type=\"heading.default\">\n\t\t\t\t<div class=\"elementor-widget-container\">\n\t\t\t\t\t<h1 class=\"elementor-heading-title elementor-size-default\">SALTED CUCUMBER MARGARITA<\/h1>\t\t\t\t<\/div>\n\t\t\t\t<\/div>\n\t\t\t\t<div class=\"elementor-element elementor-element-65f318e9 elementor-widget elementor-widget-text-editor\" data-id=\"65f318e9\" data-element_type=\"widget\" data-widget_type=\"text-editor.default\">\n\t\t\t\t<div class=\"elementor-widget-container\">\n\t\t\t\t\t\t\t\t\t\n<ul>\n \t<li><span style=\"color: #000000;\">1\u00bd oz. Tequila Don Ram\u00f3n Punta Diamante Silver<\/span><\/li>\n \t<li><span style=\"color: #000000;\">1 oz. Lime Juice<\/span><\/li>\n \t<li><span style=\"color: #000000;\">\u00be oz. Agave Nectar<\/span><\/li>\n \t<li><span style=\"color: #000000;\">\u00be oz. Triple Sec<\/span><\/li>\n \t<li><span style=\"color: #000000;\">2 Cucumber Slices<\/span><\/li>\n \t<li><span style=\"color: #000000;\">2 Jalapeno Slices<\/span><\/li>\n \t<li><span style=\"color: #000000;\">1 Pinch of Smoked Sea Salt<\/span><\/li>\n \t<li><span style=\"color: #000000;\">1 Sprig Basil (Garnish)<\/span><\/li>\n \t<li><span style=\"color: #000000;\">Salted Cucumber Spear (Garnish)<\/span><\/li>\n<\/ul>\n<p class=\"c-body\"><span style=\"color: #000000;\">Add tequila, basil leaf, cucumber and jalape\u00f1o slices to a shaking tin, lightly muddle. Add all ingredients except garnishes in to the shaking tin and add ice. Shake, strain, pour cocktail into a rocks glass over crushed ice. Garnish with a salted cucumber spear and sprig of basil. Serve and enjoy!<\/span><\/p>\n\t\t\t\t\t\t\t\t<\/div>\n\t\t\t\t<\/div>\n\t\t\t\t\t<\/div>\n\t\t<\/div>\n\t\t\t\t\t<\/div>\n\t\t<\/section>\n\t\t\t\t<\/div>\n\t\t","protected":false},"excerpt":{"rendered":"<p>TEQUILA MEZCAL MIXOLOGY ABOUT Luis Miguel PRESS X SALTED CUCUMBER MARGARITA 1\u00bd oz. Tequila Don Ram\u00f3n Punta Diamante Silver 1 oz. Lime Juice \u00be oz. Agave Nectar \u00be oz. Triple Sec 2 Cucumber Slices 2 Jalapeno Slices 1 Pinch of Smoked Sea Salt 1 Sprig Basil (Garnish) Salted Cucumber Spear (Garnish) Add tequila, basil leaf, [&hellip;]<\/p>\n","protected":false},"author":1,"featured_media":0,"parent":1147,"menu_order":0,"comment_status":"closed","ping_status":"closed","template":"","meta":{"footnotes":""},"categories":[],"tags":[],"class_list":["post-1209","page","type-page","status-publish","hentry"],"yoast_head":"<!-- This site is optimized with the Yoast SEO plugin v23.2 - https:\/\/yoast.com\/wordpress\/plugins\/seo\/ -->\n<title>Salted Cucumber Margarita: Don Ram\u00f3n&#039;s Refreshing Twist<\/title>\n<meta name=\"description\" content=\"Discover our Salted Cucumber Margarita. Don Ram\u00f3n Silver Tequila, fresh cucumber, jalape\u00f1o &amp; basil. A zesty, savory spin on the classic cocktail.\" \/>\n<meta name=\"robots\" content=\"noindex, follow, max-snippet:-1, max-image-preview:large, max-video-preview:-1\" \/>\n<meta property=\"og:locale\" content=\"es_MX\" \/>\n<meta property=\"og:type\" content=\"article\" \/>\n<meta property=\"og:title\" content=\"Salted Cucumber Margarita: Don Ram\u00f3n&#039;s Refreshing Twist\" \/>\n<meta property=\"og:description\" content=\"Discover our Salted Cucumber Margarita. Don Ram\u00f3n Silver Tequila, fresh cucumber, jalape\u00f1o &amp; basil. A zesty, savory spin on the classic cocktail.\" \/>\n<meta property=\"og:url\" content=\"https:\/\/old.casadonramon.com\/en\/mixology\/salted-cucumber-margarita\/\" \/>\n<meta property=\"og:site_name\" content=\"Casa Don Ram\u00f3n\" \/>\n<meta property=\"article:modified_time\" content=\"2024-09-02T19:21:06+00:00\" \/>\n<meta property=\"og:image\" content=\"https:\/\/casadonramon.com\/en\/wp-content\/uploads\/2023\/12\/logo_cdr.png\" \/>\n<meta name=\"twitter:card\" content=\"summary_large_image\" \/>\n<meta name=\"twitter:label1\" content=\"Tiempo de lectura\" \/>\n\t<meta name=\"twitter:data1\" content=\"2 minutos\" \/>\n<script type=\"application\/ld+json\" class=\"yoast-schema-graph\">{\"@context\":\"https:\/\/schema.org\",\"@graph\":[{\"@type\":\"WebPage\",\"@id\":\"https:\/\/old.casadonramon.com\/en\/mixology\/salted-cucumber-margarita\/\",\"url\":\"https:\/\/old.casadonramon.com\/en\/mixology\/salted-cucumber-margarita\/\",\"name\":\"Salted Cucumber Margarita: Don Ram\u00f3n's Refreshing Twist\",\"isPartOf\":{\"@id\":\"https:\/\/old.casadonramon.com\/en\/#website\"},\"primaryImageOfPage\":{\"@id\":\"https:\/\/old.casadonramon.com\/en\/mixology\/salted-cucumber-margarita\/#primaryimage\"},\"image\":{\"@id\":\"https:\/\/old.casadonramon.com\/en\/mixology\/salted-cucumber-margarita\/#primaryimage\"},\"thumbnailUrl\":\"https:\/\/casadonramon.com\/en\/wp-content\/uploads\/2023\/12\/logo_cdr.png\",\"datePublished\":\"2024-02-21T22:05:15+00:00\",\"dateModified\":\"2024-09-02T19:21:06+00:00\",\"description\":\"Discover our Salted Cucumber Margarita. Don Ram\u00f3n Silver Tequila, fresh cucumber, jalape\u00f1o & basil. A zesty, savory spin on the classic cocktail.\",\"breadcrumb\":{\"@id\":\"https:\/\/old.casadonramon.com\/en\/mixology\/salted-cucumber-margarita\/#breadcrumb\"},\"inLanguage\":\"es\",\"potentialAction\":[{\"@type\":\"ReadAction\",\"target\":[\"https:\/\/old.casadonramon.com\/en\/mixology\/salted-cucumber-margarita\/\"]}]},{\"@type\":\"ImageObject\",\"inLanguage\":\"es\",\"@id\":\"https:\/\/old.casadonramon.com\/en\/mixology\/salted-cucumber-margarita\/#primaryimage\",\"url\":\"https:\/\/casadonramon.com\/en\/wp-content\/uploads\/2023\/12\/logo_cdr.png\",\"contentUrl\":\"https:\/\/casadonramon.com\/en\/wp-content\/uploads\/2023\/12\/logo_cdr.png\"},{\"@type\":\"BreadcrumbList\",\"@id\":\"https:\/\/old.casadonramon.com\/en\/mixology\/salted-cucumber-margarita\/#breadcrumb\",\"itemListElement\":[{\"@type\":\"ListItem\",\"position\":1,\"name\":\"Home\",\"item\":\"https:\/\/old.casadonramon.com\/en\/\"},{\"@type\":\"ListItem\",\"position\":2,\"name\":\"MIXOLOGY\",\"item\":\"https:\/\/old.casadonramon.com\/en\/mixology\/\"},{\"@type\":\"ListItem\",\"position\":3,\"name\":\"SALTED CUCUMBER MARGARITA\"}]},{\"@type\":\"WebSite\",\"@id\":\"https:\/\/old.casadonramon.com\/en\/#website\",\"url\":\"https:\/\/old.casadonramon.com\/en\/\",\"name\":\"Casa Don Ram\u00f3n\",\"description\":\"\",\"potentialAction\":[{\"@type\":\"SearchAction\",\"target\":{\"@type\":\"EntryPoint\",\"urlTemplate\":\"https:\/\/old.casadonramon.com\/en\/?s={search_term_string}\"},\"query-input\":\"required name=search_term_string\"}],\"inLanguage\":\"es\"}]}<\/script>\n<!-- \/ Yoast SEO plugin. -->","yoast_head_json":{"title":"Salted Cucumber Margarita: Don Ram\u00f3n's Refreshing Twist","description":"Discover our Salted Cucumber Margarita. Don Ram\u00f3n Silver Tequila, fresh cucumber, jalape\u00f1o & basil. A zesty, savory spin on the classic cocktail.","robots":{"index":"noindex","follow":"follow","max-snippet":"max-snippet:-1","max-image-preview":"max-image-preview:large","max-video-preview":"max-video-preview:-1"},"og_locale":"es_MX","og_type":"article","og_title":"Salted Cucumber Margarita: Don Ram\u00f3n's Refreshing Twist","og_description":"Discover our Salted Cucumber Margarita. Don Ram\u00f3n Silver Tequila, fresh cucumber, jalape\u00f1o & basil. A zesty, savory spin on the classic cocktail.","og_url":"https:\/\/old.casadonramon.com\/en\/mixology\/salted-cucumber-margarita\/","og_site_name":"Casa Don Ram\u00f3n","article_modified_time":"2024-09-02T19:21:06+00:00","og_image":[{"url":"https:\/\/casadonramon.com\/en\/wp-content\/uploads\/2023\/12\/logo_cdr.png"}],"twitter_card":"summary_large_image","twitter_misc":{"Tiempo de lectura":"2 minutos"},"schema":{"@context":"https:\/\/schema.org","@graph":[{"@type":"WebPage","@id":"https:\/\/old.casadonramon.com\/en\/mixology\/salted-cucumber-margarita\/","url":"https:\/\/old.casadonramon.com\/en\/mixology\/salted-cucumber-margarita\/","name":"Salted Cucumber Margarita: Don Ram\u00f3n's Refreshing Twist","isPartOf":{"@id":"https:\/\/old.casadonramon.com\/en\/#website"},"primaryImageOfPage":{"@id":"https:\/\/old.casadonramon.com\/en\/mixology\/salted-cucumber-margarita\/#primaryimage"},"image":{"@id":"https:\/\/old.casadonramon.com\/en\/mixology\/salted-cucumber-margarita\/#primaryimage"},"thumbnailUrl":"https:\/\/casadonramon.com\/en\/wp-content\/uploads\/2023\/12\/logo_cdr.png","datePublished":"2024-02-21T22:05:15+00:00","dateModified":"2024-09-02T19:21:06+00:00","description":"Discover our Salted Cucumber Margarita. Don Ram\u00f3n Silver Tequila, fresh cucumber, jalape\u00f1o & basil. A zesty, savory spin on the classic cocktail.","breadcrumb":{"@id":"https:\/\/old.casadonramon.com\/en\/mixology\/salted-cucumber-margarita\/#breadcrumb"},"inLanguage":"es","potentialAction":[{"@type":"ReadAction","target":["https:\/\/old.casadonramon.com\/en\/mixology\/salted-cucumber-margarita\/"]}]},{"@type":"ImageObject","inLanguage":"es","@id":"https:\/\/old.casadonramon.com\/en\/mixology\/salted-cucumber-margarita\/#primaryimage","url":"https:\/\/casadonramon.com\/en\/wp-content\/uploads\/2023\/12\/logo_cdr.png","contentUrl":"https:\/\/casadonramon.com\/en\/wp-content\/uploads\/2023\/12\/logo_cdr.png"},{"@type":"BreadcrumbList","@id":"https:\/\/old.casadonramon.com\/en\/mixology\/salted-cucumber-margarita\/#breadcrumb","itemListElement":[{"@type":"ListItem","position":1,"name":"Home","item":"https:\/\/old.casadonramon.com\/en\/"},{"@type":"ListItem","position":2,"name":"MIXOLOGY","item":"https:\/\/old.casadonramon.com\/en\/mixology\/"},{"@type":"ListItem","position":3,"name":"SALTED CUCUMBER MARGARITA"}]},{"@type":"WebSite","@id":"https:\/\/old.casadonramon.com\/en\/#website","url":"https:\/\/old.casadonramon.com\/en\/","name":"Casa Don Ram\u00f3n","description":"","potentialAction":[{"@type":"SearchAction","target":{"@type":"EntryPoint","urlTemplate":"https:\/\/old.casadonramon.com\/en\/?s={search_term_string}"},"query-input":"required name=search_term_string"}],"inLanguage":"es"}]}},"_links":{"self":[{"href":"https:\/\/old.casadonramon.com\/en\/wp-json\/wp\/v2\/pages\/1209","targetHints":{"allow":["GET"]}}],"collection":[{"href":"https:\/\/old.casadonramon.com\/en\/wp-json\/wp\/v2\/pages"}],"about":[{"href":"https:\/\/old.casadonramon.com\/en\/wp-json\/wp\/v2\/types\/page"}],"author":[{"embeddable":true,"href":"https:\/\/old.casadonramon.com\/en\/wp-json\/wp\/v2\/users\/1"}],"replies":[{"embeddable":true,"href":"https:\/\/old.casadonramon.com\/en\/wp-json\/wp\/v2\/comments?post=1209"}],"version-history":[{"count":26,"href":"https:\/\/old.casadonramon.com\/en\/wp-json\/wp\/v2\/pages\/1209\/revisions"}],"predecessor-version":[{"id":3044,"href":"https:\/\/old.casadonramon.com\/en\/wp-json\/wp\/v2\/pages\/1209\/revisions\/3044"}],"up":[{"embeddable":true,"href":"https:\/\/old.casadonramon.com\/en\/wp-json\/wp\/v2\/pages\/1147"}],"wp:attachment":[{"href":"https:\/\/old.casadonramon.com\/en\/wp-json\/wp\/v2\/media?parent=1209"}],"wp:term":[{"taxonomy":"category","embeddable":true,"href":"https:\/\/old.casadonramon.com\/en\/wp-json\/wp\/v2\/categories?post=1209"},{"taxonomy":"post_tag","embeddable":true,"href":"https:\/\/old.casadonramon.com\/en\/wp-json\/wp\/v2\/tags?post=1209"}],"curies":[{"name":"wp","href":"https:\/\/api.w.org\/{rel}","templated":true}]}}